{"id":4230,"date":"2021-09-23T08:45:53","date_gmt":"2021-09-23T01:45:53","guid":{"rendered":"https:\/\/simpleshop.vn\/blog\/?page_id=4230"},"modified":"2021-10-12T15:14:10","modified_gmt":"2021-10-12T08:14:10","slug":"ve-chung-toi-2","status":"publish","type":"page","link":"https:\/\/simpleshop.vn\/blog\/ve-chung-toi-2\/","title":{"rendered":"V\u1ec1 ch\u00fang t\u00f4i"},"content":{"rendered":"\t\t<div data-elementor-type=\"wp-page\" data-elementor-id=\"4230\" class=\"elementor elementor-4230\">\n\t\t\t\t\t\t<section class=\"elementor-section elementor-top-section elementor-element elementor-element-1cfade6 elementor-section-boxed elementor-section-height-default elementor-section-height-default\" data-id=\"1cfade6\" data-element_type=\"section\" data-settings=\"{&quot;background_background&quot;:&quot;classic&quot;}\">\n\t\t\t\t\t\t<div class=\"elementor-container elementor-column-gap-default\">\n\t\t\t\t\t<div class=\"elementor-column elementor-col-100 elementor-top-column elementor-element elementor-element-a341aeb\" data-id=\"a341aeb\" data-element_type=\"column\">\n\t\t\t<div class=\"elementor-widget-wrap elementor-element-populated\">\n\t\t\t\t\t\t<section class=\"elementor-section elementor-inner-section elementor-element elementor-element-a09fa1d elementor-section-boxed elementor-section-height-default elementor-section-height-default\" data-id=\"a09fa1d\" data-element_type=\"section\">\n\t\t\t\t\t\t<div class=\"elementor-container elementor-column-gap-default\">\n\t\t\t\t\t<div class=\"elementor-column elementor-col-100 elementor-inner-column elementor-element elementor-element-c128349\" data-id=\"c128349\" data-element_type=\"column\">\n\t\t\t<div class=\"elementor-widget-wrap elementor-element-populated\">\n\t\t\t\t\t\t<div class=\"elementor-element elementor-element-8f3486b elementor-widget elementor-widget-spacer\" data-id=\"8f3486b\" data-element_type=\"widget\" data-widget_type=\"spacer.default\">\n\t\t\t\t<div class=\"elementor-widget-container\">\n\t\t\t\t\t<div class=\"elementor-spacer\">\n\t\t\t<div class=\"elementor-spacer-inner\"><\/div>\n\t\t<\/div>\n\t\t\t\t<\/div>\n\t\t\t\t<\/div>\n\t\t\t\t<div class=\"elementor-element elementor-element-13782bd elementor-widget elementor-widget-heading\" data-id=\"13782bd\" data-element_type=\"widget\" data-widget_type=\"heading.default\">\n\t\t\t\t<div class=\"elementor-widget-container\">\n\t\t\t<p class=\"elementor-heading-title elementor-size-default\">GI\u1edaI THI\u1ec6U N\u1ec0N T\u1ea2NG T\u1ea0O WEBSITE <BR>B\u00c1N H\u00c0NG ONLINE MI\u1ec4N PH\u00cd<\/p>\t\t<\/div>\n\t\t\t\t<\/div>\n\t\t\t\t<div class=\"elementor-element elementor-element-d408f40 elementor-widget elementor-widget-spacer\" data-id=\"d408f40\" data-element_type=\"widget\" data-widget_type=\"spacer.default\">\n\t\t\t\t<div class=\"elementor-widget-container\">\n\t\t\t\t\t<div class=\"elementor-spacer\">\n\t\t\t<div class=\"elementor-spacer-inner\"><\/div>\n\t\t<\/div>\n\t\t\t\t<\/div>\n\t\t\t\t<\/div>\n\t\t\t\t\t<\/div>\n\t\t<\/div>\n\t\t\t\t\t<\/div>\n\t\t<\/section>\n\t\t\t\t\t<\/div>\n\t\t<\/div>\n\t\t\t\t\t<\/div>\n\t\t<\/section>\n\t\t\t\t<section class=\"elementor-section elementor-top-section elementor-element elementor-element-050bd07 elementor-section-boxed elementor-section-height-default elementor-section-height-default\" data-id=\"050bd07\" data-element_type=\"section\">\n\t\t\t\t\t\t<div class=\"elementor-container elementor-column-gap-default\">\n\t\t\t\t\t<div class=\"elementor-column elementor-col-100 elementor-top-column elementor-element elementor-element-2584ddd\" data-id=\"2584ddd\" data-element_type=\"column\">\n\t\t\t<div class=\"elementor-widget-wrap elementor-element-populated\">\n\t\t\t\t\t\t<section class=\"elementor-section elementor-inner-section elementor-element elementor-element-fa148da elementor-section-boxed elementor-section-height-default elementor-section-height-default\" data-id=\"fa148da\" data-element_type=\"section\">\n\t\t\t\t\t\t<div class=\"elementor-container elementor-column-gap-default\">\n\t\t\t\t\t<div class=\"elementor-column elementor-col-100 elementor-inner-column elementor-element elementor-element-b4c95ca\" data-id=\"b4c95ca\" data-element_type=\"column\">\n\t\t\t<div class=\"elementor-widget-wrap elementor-element-populated\">\n\t\t\t\t\t\t<div class=\"elementor-element elementor-element-67dac66 elementor-widget elementor-widget-heading\" data-id=\"67dac66\" data-element_type=\"widget\" data-widget_type=\"heading.default\">\n\t\t\t\t<div class=\"elementor-widget-container\">\n\t\t\t<p class=\"elementor-heading-title elementor-size-default\">Simple Shop l\u00e0 \u0111\u01a1n v\u1ecb non tr\u1ebb trong ng\u00e0nh thi\u1ebft k\u1ebf website tuy nhi\u00ean doanh nghi\u1ec7p ch\u00fang t\u00f4i c\u00f3 qu\u00e1 tr\u00ecnh chu\u1ea9n b\u1ecb 2-3 n\u0103m cho l\u0129nh v\u1ef1c n\u00e0y. Ti\u1ec1n th\u00e2n l\u00e0 c\u00f4ng ty ATP Software, v\u1edbi 9 n\u0103m trong l\u0129nh v\u1ef1c gi\u1ea3i ph\u00e1p ph\u1ea7n m\u1ec1m h\u1ed7 tr\u1ee3 doanh nghi\u1ec7p, ph\u1ee5c v\u1ee5 h\u01a1n 85.000+ kh\u00e1ch h\u00e0ng l\u00e0 SMEs. Ngo\u00e0i ATP Software, ch\u00fang t\u00f4i c\u00f2n 5 d\u1ef1 \u00e1n kh\u00e1c \u0111ang ho\u1ea1t \u0111\u1ed9ng l\u00e0: ATP Media, ATP Web, ATP Care, ATP Academy, SimplePage,\u2026 T\u1ea5t c\u1ea3 d\u1ef1 \u00e1n \u0111\u1ec1u t\u1ea1o ra l\u1ee3i nhu\u1eadn, duy tr\u00ec k\u1ebft qu\u1ea3 t\u0103ng tr\u01b0\u1edfng nh\u01b0ng t\u1ed1c \u0111\u1ed9 & quy m\u00f4 v\u1eabn c\u00f2n kh\u00e1 h\u1ea1n ch\u1ebf. Do \u0111\u00f3 th\u00e1ch th\u1ee9c ch\u00fang t\u00f4i c\u1ea7n t\u00ecm \u201cgame\u201d n\u00e0o \u0111\u00f3 th\u1ef1c s\u1ef1 ti\u1ec1m n\u0103ng \u0111\u1ec3 m\u1edf r\u1ed9ng quy m\u00f4\u2026<\/p>\t\t<\/div>\n\t\t\t\t<\/div>\n\t\t\t\t<div class=\"elementor-element elementor-element-463ca19 elementor-widget elementor-widget-heading\" data-id=\"463ca19\" data-element_type=\"widget\" data-widget_type=\"heading.default\">\n\t\t\t\t<div class=\"elementor-widget-container\">\n\t\t\t<p class=\"elementor-heading-title elementor-size-default\">SimpleShop cung c\u1ea5p m\u1ed9t gi\u1ea3i ph\u00e1p thi\u1ebft k\u1ebf web \u0111\u01a1n gi\u1ea3n. V\u1edbi \u1ee9ng d\u1ee5ng thi\u1ebft k\u1ebf website, d\u1ec5 s\u1eed d\u1ee5ng c\u1ee7a ch\u00fang t\u00f4i, b\u1ea1n c\u00f3 th\u1ec3 t\u1ea1o website c\u1ee7a ri\u00eang m\u00ecnh trong v\u00e0i ph\u00fat. Ch\u1ecdn t\u1eeb h\u00e0ng m\u1eabu giao di\u1ec7n ch\u1ea5t l\u01b0\u1ee3ng cao \u0111\u1ec3 b\u1eaft \u0111\u1ea7u. C\u01a1 s\u1edf d\u1eef li\u1ec7u c\u1ee7a ch\u00fang t\u00f4i ch\u1ee9a h\u00e0ng ch\u1ee5c danh m\u1ee5c website kh\u00e1c nhau, t\u1eeb n\u00f4ng nghi\u1ec7p \u0111\u1ebfn lu\u1eadt ph\u00e1p,  \u0111\u1ebfn th\u1eddi trang v\u00e0 l\u00e0m \u0111\u1eb9p, ch\u00fang t\u00f4i \u0111\u1ea3m b\u1ea3o r\u1eb1ng b\u1ea1n s\u1ebd t\u00ecm th\u1ea5y thi\u1ebft k\u1ebf website mi\u1ec5n ph\u00ed ho\u00e0n h\u1ea3o cho c\u00f4ng ty ho\u1eb7c trang web c\u1ee7a m\u00ecnh. <BR><BR>\n\nB\u1ea1n t\u00f9y ch\u1ec9nh bi\u1ec3u tr\u01b0ng c\u1ee7a m\u00ecnh v\u00e0 tr\u1ea3 ti\u1ec1n \u0111\u1ec3 t\u1ea3i xu\u1ed1ng khi b\u1ea1n h\u00e0i l\u00f2ng. C\u00e1c t\u1ec7p bi\u1ec3u tr\u01b0ng \u0111\u01b0\u1ee3c t\u1ea1o b\u1eb1ng c\u00e1ch t\u1ea3i xu\u1ed1ng tr\u00ecnh t\u1ea1o bi\u1ec3u tr\u01b0ng c\u1ee7a ch\u00fang t\u00f4i \u1edf \u0111\u1ecbnh d\u1ea1ng PNG, SVG v\u00e0 JPG. Kh\u00f4ng c\u00f3 th\u1eddi gian ch\u1edd \u0111\u1ee3i v\u00e0 quy\u1ec1n truy c\u1eadp v\u00e0o c\u00f4ng c\u1ee5 thi\u1ebft k\u1ebf c\u1ee7a ch\u00fang t\u00f4i l\u00e0 ho\u00e0n to\u00e0n mi\u1ec5n ph\u00ed. H\u00e3y b\u1eaft \u0111\u1ea7u ngay b\u00e2y gi\u1edd v\u00e0 b\u1eaft \u0111\u1ea7u nhu c\u1ea7u thi\u1ebft k\u1ebf c\u1ee7a c\u00f4ng ty b\u1ea1n v\u1edbi ph\u1ea7n m\u1ec1m thi\u1ebft k\u1ebf logo c\u1ee7a GraphicSprings . Cho d\u00f9 b\u1ea1n \u0111ang t\u00ecm ki\u1ebfm m\u1ed9t logo nhi\u1ebfp \u1ea3nh , logo b\u1ea5t \u0111\u1ed9ng s\u1ea3n , logo x\u00e2y d\u1ef1ng , ho\u1eb7c b\u1ea5t k\u1ef3 th\u01b0\u01a1ng hi\u1ec7u n\u00e0o kh\u00e1c, b\u1ea1n \u0111\u1ec1u c\u00f3 th\u1ec3 t\u00ecm th\u1ea5y m\u1ed9t thi\u1ebft k\u1ebf ph\u00f9 h\u1ee3p.<\/p>\t\t<\/div>\n\t\t\t\t<\/div>\n\t\t\t\t<div class=\"elementor-element elementor-element-89d97bb elementor-widget elementor-widget-spacer\" data-id=\"89d97bb\" data-element_type=\"widget\" data-widget_type=\"spacer.default\">\n\t\t\t\t<div class=\"elementor-widget-container\">\n\t\t\t\t\t<div class=\"elementor-spacer\">\n\t\t\t<div class=\"elementor-spacer-inner\"><\/div>\n\t\t<\/div>\n\t\t\t\t<\/div>\n\t\t\t\t<\/div>\n\t\t\t\t\t<\/div>\n\t\t<\/div>\n\t\t\t\t\t<\/div>\n\t\t<\/section>\n\t\t\t\t\t<\/div>\n\t\t<\/div>\n\t\t\t\t\t<\/div>\n\t\t<\/section>\n\t\t\t\t<\/div>\n\t\t","protected":false},"excerpt":{"rendered":"<p>GI\u1edaI THI\u1ec6U N\u1ec0N T\u1ea2NG T\u1ea0O WEBSITE B\u00c1N H\u00c0NG ONLINE MI\u1ec4N PH\u00cd Simple Shop l\u00e0 \u0111\u01a1n v\u1ecb non tr\u1ebb trong ng\u00e0nh thi\u1ebft k\u1ebf website tuy nhi\u00ean doanh nghi\u1ec7p ch\u00fang t\u00f4i c\u00f3 qu\u00e1 tr\u00ecnh chu\u1ea9n b\u1ecb 2-3 n\u0103m cho l\u0129nh v\u1ef1c n\u00e0y. Ti\u1ec1n th\u00e2n l\u00e0 c\u00f4ng ty ATP Software, v\u1edbi 9 n\u0103m trong l\u0129nh v\u1ef1c gi\u1ea3i ph\u00e1p [&hellip;]<\/p>\n","protected":false},"author":1,"featured_media":0,"parent":0,"menu_order":0,"comment_status":"closed","ping_status":"closed","template":"elementor_header_footer","meta":{"rank_math_lock_modified_date":false,"_uag_custom_page_level_css":"","footnotes":""},"class_list":["post-4230","page","type-page","status-publish","hentry"],"uagb_featured_image_src":{"full":false,"thumbnail":false,"medium":false,"medium_large":false,"large":false,"1536x1536":false,"2048x2048":false,"jnews-360x180":false,"jnews-750x375":false,"jnews-1140x570":false,"jnews-120x86":false,"jnews-350x250":false,"jnews-750x536":false,"jnews-1140x815":false,"jnews-360x504":false,"jnews-75x75":false,"jnews-350x350":false,"jnews-featured-750":false,"jnews-featured-1140":false},"uagb_author_info":{"display_name":"admin","author_link":"https:\/\/simpleshop.vn\/blog\/author\/admin\/"},"uagb_comment_info":0,"uagb_excerpt":"GI\u1edaI THI\u1ec6U N\u1ec0N T\u1ea2NG T\u1ea0O WEBSITE B\u00c1N H\u00c0NG ONLINE MI\u1ec4N PH\u00cd Simple Shop l\u00e0 \u0111\u01a1n v\u1ecb non tr\u1ebb trong ng\u00e0nh thi\u1ebft k\u1ebf website tuy nhi\u00ean doanh nghi\u1ec7p ch\u00fang t\u00f4i c\u00f3 qu\u00e1 tr\u00ecnh chu\u1ea9n b\u1ecb 2-3 n\u0103m cho l\u0129nh v\u1ef1c n\u00e0y. Ti\u1ec1n th\u00e2n l\u00e0 c\u00f4ng ty ATP Software, v\u1edbi 9 n\u0103m trong l\u0129nh v\u1ef1c gi\u1ea3i ph\u00e1p&hellip;","_links":{"self":[{"href":"https:\/\/simpleshop.vn\/blog\/wp-json\/wp\/v2\/pages\/4230"}],"collection":[{"href":"https:\/\/simpleshop.vn\/blog\/wp-json\/wp\/v2\/pages"}],"about":[{"href":"https:\/\/simpleshop.vn\/blog\/wp-json\/wp\/v2\/types\/page"}],"author":[{"embeddable":true,"href":"https:\/\/simpleshop.vn\/blog\/wp-json\/wp\/v2\/users\/1"}],"replies":[{"embeddable":true,"href":"https:\/\/simpleshop.vn\/blog\/wp-json\/wp\/v2\/comments?post=4230"}],"version-history":[{"count":5,"href":"https:\/\/simpleshop.vn\/blog\/wp-json\/wp\/v2\/pages\/4230\/revisions"}],"predecessor-version":[{"id":4508,"href":"https:\/\/simpleshop.vn\/blog\/wp-json\/wp\/v2\/pages\/4230\/revisions\/4508"}],"wp:attachment":[{"href":"https:\/\/simpleshop.vn\/blog\/wp-json\/wp\/v2\/media?parent=4230"}],"curies":[{"name":"wp","href":"https:\/\/api.w.org\/{rel}","templated":true}]}}