{"id":2559,"date":"2021-06-13T16:45:19","date_gmt":"2021-06-13T09:45:19","guid":{"rendered":"https:\/\/atplink.com\/blog\/?page_id=2559"},"modified":"2021-07-14T16:33:07","modified_gmt":"2021-07-14T09:33:07","slug":"dieu-khoan-su-dung","status":"publish","type":"page","link":"https:\/\/simpleshop.vn\/blog\/dieu-khoan-su-dung\/","title":{"rendered":"\u0110i\u1ec1u Kho\u1ea3n S\u1eed D\u1ee5ng"},"content":{"rendered":"\t\t<div data-elementor-type=\"wp-page\" data-elementor-id=\"2559\" class=\"elementor elementor-2559\">\n\t\t\t\t\t\t<section class=\"elementor-section elementor-top-section elementor-element elementor-element-31df2da5 elementor-section-boxed elementor-section-height-default elementor-section-height-default\" data-id=\"31df2da5\" data-element_type=\"section\">\n\t\t\t\t\t\t<div class=\"elementor-container elementor-column-gap-default\">\n\t\t\t\t\t<div class=\"elementor-column elementor-col-100 elementor-top-column elementor-element elementor-element-7893b81b\" data-id=\"7893b81b\" data-element_type=\"column\">\n\t\t\t<div class=\"elementor-widget-wrap elementor-element-populated\">\n\t\t\t\t\t\t<div class=\"elementor-element elementor-element-a908cb7 elementor-widget elementor-widget-text-editor\" data-id=\"a908cb7\" data-element_type=\"widget\" data-widget_type=\"text-editor.default\">\n\t\t\t\t<div class=\"elementor-widget-container\">\n\t\t\t\t\t\t\t<p>D\u01b0\u1edbi \u0111\u00e2y l\u00e0 to\u00e0n b\u1ed9 th\u00f4ng tin c\u00e1c \u0111i\u1ec1u kho\u1ea3n \u0111i\u1ec1u kho\u1ea3n s\u1eed d\u1ee5ng d\u1ecbch v\u1ee5 d\u00e0nh cho ng\u01b0\u1eddi s\u1eed d\u1ee5ng, g\u1ecdi l\u00e0 \u201cCh\u00ednh s\u00e1ch \u0111i\u1ec1u kho\u1ea3n\u201d . B\u1eb1ng vi\u1ec7c s\u1eed d\u1ee5ng n\u1ec1n t\u1ea3ng c\u1ee7a ch\u00fang t\u00f4i, b\u1ea1n \u0111\u01b0\u1ee3c hi\u1ec3u r\u1eb1ng s\u1ebd \u0111\u1ed3ng \u00fd to\u00e0n b\u1ed9 \u0111i\u1ec1u kho\u1ea3n \u0111\u00e3 \u0111\u01b0\u1ee3c \u0111\u1ec1 c\u1eadp.<\/p>\t\t\t\t\t\t<\/div>\n\t\t\t\t<\/div>\n\t\t\t\t<div class=\"elementor-element elementor-element-e238371 elementor-widget elementor-widget-heading\" data-id=\"e238371\" data-element_type=\"widget\" data-widget_type=\"heading.default\">\n\t\t\t\t<div class=\"elementor-widget-container\">\n\t\t\t<h2 class=\"elementor-heading-title elementor-size-default\">I. Ch\u00ednh s\u00e1ch, y\u00eau c\u1ea7u \u0111\u1ed1i v\u1edbi kh\u00e1ch h\u00e0ng s\u1eed d\u1ee5ng SimpleShop<\/h2>\t\t<\/div>\n\t\t\t\t<\/div>\n\t\t\t\t<div class=\"elementor-element elementor-element-396699df elementor-widget elementor-widget-text-editor\" data-id=\"396699df\" data-element_type=\"widget\" data-widget_type=\"text-editor.default\">\n\t\t\t\t<div class=\"elementor-widget-container\">\n\t\t\t\t\t\t\t<ul><li>Ch\u1ecbu tr\u00e1ch nhi\u1ec7m v\u1ec1 n\u1ed9i dung nh\u1eefng Web m\u00e0 b\u1ea1n t\u1ea1o th\u00f4ng qua n\u1ec1n t\u1ea3ng SimpleShop c\u1ee7a ch\u00fang t\u00f4i.<\/li><li>Kh\u00f4ng s\u1eed d\u1ee5ng n\u1ed9i dung li\u00ean quan \u0111\u1ebfn ch\u00ednh tr\u1ecb, t\u00f4n gi\u00e1o, c\u00e1c n\u1ed9i dung v\u0103n h\u00f3a \u0111\u1ed3 tr\u1ee5y hay c\u00e1c n\u1ed9i dung tr\u00e1i ph\u00e1p lu\u1eadt.<\/li><li>Kh\u00f4ng k\u00edch \u0111\u1ed9ng, ch\u1ed1ng ph\u00e1 nh\u00e0 n\u01b0\u1edbc hay c\u00e1 nh\u00e2n.<\/li><li>Kh\u00f4ng t\u1ea1o ra c\u00e1c n\u1ed9i dung li\u00ean quan \u0111\u1ebfn t\u1ed5 ch\u1ee9c \u0111\u00e1nh b\u1ea1c, c\u00e1 c\u01b0\u1ee3c.<\/li><li>Kh\u00f4ng t\u1ea1o \u0111\u01b0\u1eddng link \u0111\u1ec3 b\u00e1n c\u00e1c s\u1ea3n ph\u1ea9m c\u00f3 nguy c\u01a1 g\u00e2y h\u1ea1i cho ng\u01b0\u1eddi s\u1eed d\u1ee5ng.<\/li><li>Ch\u00fang t\u00f4i c\u00f3 quy\u1ec1n x\u00f3a, s\u1eeda c\u00e1c n\u1ed9i dung ho\u1eb7c c\u00e1c Web n\u1ebfu vi ph\u1ea1m c\u00e1c y\u00eau c\u1ea7u tr\u00ean.<\/li><li>Ch\u00fang t\u00f4i kh\u00f4ng c\u00f3 tr\u00e1ch nhi\u1ec7m ph\u1ea3i th\u00f4ng b\u00e1o v\u1ec1 vi\u1ec7c x\u00f3a b\u1ecf hay s\u1eeda c\u00e1c trang Web.<\/li><\/ul>\t\t\t\t\t\t<\/div>\n\t\t\t\t<\/div>\n\t\t\t\t<div class=\"elementor-element elementor-element-50d001c elementor-widget elementor-widget-heading\" data-id=\"50d001c\" data-element_type=\"widget\" data-widget_type=\"heading.default\">\n\t\t\t\t<div class=\"elementor-widget-container\">\n\t\t\t<h2 class=\"elementor-heading-title elementor-size-default\">II. Gi\u1edbi h\u1ea1n tr\u00e1ch nhi\u1ec7m<\/h2>\t\t<\/div>\n\t\t\t\t<\/div>\n\t\t\t\t<div class=\"elementor-element elementor-element-302ac5c elementor-widget elementor-widget-text-editor\" data-id=\"302ac5c\" data-element_type=\"widget\" data-widget_type=\"text-editor.default\">\n\t\t\t\t<div class=\"elementor-widget-container\">\n\t\t\t\t\t\t\t<ul><li>Khi \u0111\u1ed3ng \u00fd s\u1eed d\u1ee5ng h\u1ec7 th\u1ed1ng c\u1ee7a SimpleShop.vn b\u1ea1n hi\u1ec3u r\u1eb1ng ch\u00fang t\u00f4i ho\u00e0n to\u00e0n kh\u00f4ng ch\u1ecbu tr\u00e1ch nhi\u1ec7m tr\u1ef1c ti\u1ebfp, gi\u00e1n ti\u1ebfp v\u1ec1 n\u1ed9i dung trang Web b\u1ea1n \u0111\u00e3 t\u1ea1o ho\u1eb7c \u0111\u00e3 xu\u1ea5t b\u1ea3n t\u1eeb h\u1ec7 th\u1ed1ng c\u1ee7a ch\u00fang t\u00f4i.<\/li><li>Ch\u00fang t\u00f4i kh\u00f4ng ch\u1ecbu tr\u00e1ch nhi\u1ec7m ph\u00e1p l\u00fd v\u00e0 b\u1ed3i th\u01b0\u1eddng cho ng\u01b0\u1eddi d\u00f9ng v\u00e0 b\u00ean th\u1ee9 ba \u0111\u1ed1i v\u1edbi c\u00e1c thi\u1ec7t h\u1ea1i tr\u1ef1c ti\u1ebfp, gi\u00e1n ti\u1ebfp, v\u00f4 \u00fd, \u0111\u1eb7c bi\u1ec7t, v\u00f4 h\u00ecnh, c\u00e1c thi\u1ec7t h\u1ea1i v\u1ec1 l\u1ee3i nhu\u1eadn, doanh thu, uy t\u00edn ph\u00e1t sinh t\u1eeb vi\u1ec7c s\u1eed d\u1ee5ng gi\u1ea3i ph\u00e1p SimpleShop.<\/li><li>Th\u00f4ng tin c\u00e1 nh\u00e2n v\u00e0 m\u1eadt kh\u1ea9u truy c\u1eadp h\u1ec7 th\u1ed1ng b\u1ea1n c\u1ea7n b\u1ea3o m\u1eadt v\u00e0 l\u01b0u tr\u1eef \u1edf nh\u1eefng n\u01a1i an to\u00e0n. Ch\u00fang t\u00f4i t\u1eeb ch\u1ed1i ch\u1ecbu tr\u00e1ch nhi\u1ec7m cho b\u1ea5t k\u1ef3 thi\u1ec7t h\u1ea1i n\u00e0o \u0111\u1ebfn t\u1eeb vi\u1ec7c b\u1ea1n kh\u00f4ng b\u1ea3o m\u1eadt t\u00e0i kho\u1ea3n.<\/li><li>C\u00e1c b\u00e0i vi\u1ebft tr\u00ean blog c\u1ee7a ch\u00fang t\u00f4i ch\u1ec9 mang t\u00ednh ch\u1ea5t tham kh\u1ea3o. B\u1ea1n \u0111\u1ecdc n\u00ean tham kh\u1ea3o \u00fd ki\u1ebfn chuy\u00ean gia c\u00f3 chuy\u00ean m\u00f4n.<\/li><li>Trong tr\u01b0\u1eddng h\u1ee3p Web c\u1ee7a b\u1ea1n g\u1eb7p s\u1ef1 c\u1ed1 v\u00ec DDOS (t\u1ea5n c\u00f4ng t\u1eeb ch\u1ed1i d\u1ecbch v\u1ee5) l\u00e0m gi\u00e1n \u0111o\u1ea1n truy c\u1eadp ng\u01b0\u1eddi d\u00f9ng, SimpleShop s\u1ebd c\u00f9ng h\u1ed7 tr\u1ee3 kh\u1eafc ph\u1ee5c gi\u1ea3i quy\u1ebft v\u1ea5n \u0111\u1ec1. Tr\u01b0\u1eddng h\u1ee3p l\u1ed7i g\u00e2y \u1ea3nh h\u01b0\u1edfng nghi\u00eam tr\u1ecdng th\u00ec ch\u00fang t\u00f4i s\u1ebd t\u1ea1m ng\u01b0ng k\u1ebft n\u1ed1i \u0111\u1ebfn Web c\u1ee7a b\u1ea1n \u0111\u1ec3 kh\u00f4ng \u1ea3nh h\u01b0\u1edfng t\u1edbi to\u00e0n b\u1ed9 h\u1ec7 th\u1ed1ng.<\/li><\/ul>\t\t\t\t\t\t<\/div>\n\t\t\t\t<\/div>\n\t\t\t\t<div class=\"elementor-element elementor-element-864d5bf elementor-widget elementor-widget-heading\" data-id=\"864d5bf\" data-element_type=\"widget\" data-widget_type=\"heading.default\">\n\t\t\t\t<div class=\"elementor-widget-container\">\n\t\t\t<h2 class=\"elementor-heading-title elementor-size-default\">III. \u0110\u1ed1i v\u1edbi \u0111\u0103ng nh\u1eadp b\u1eb1ng c\u00e1c m\u1ea1ng x\u00e3 h\u1ed9i Facebook,\u00a0Twitter, Google<\/h2>\t\t<\/div>\n\t\t\t\t<\/div>\n\t\t\t\t<div class=\"elementor-element elementor-element-a3a29cf elementor-widget elementor-widget-text-editor\" data-id=\"a3a29cf\" data-element_type=\"widget\" data-widget_type=\"text-editor.default\">\n\t\t\t\t<div class=\"elementor-widget-container\">\n\t\t\t\t\t\t\t<ul><li>Ch\u00fang t\u00f4i ch\u1ec9 thu th\u1eadp email ng\u01b0\u1eddi d\u00f9ng \u0111\u1ec3 \u0111\u1ed1i chi\u1ebfu t\u00e0i kho\u1ea3n.<\/li><li>S\u1eed d\u1ee5ng \u0111\u0103ng nh\u1eadp nhanh \u0111\u1ed1i v\u1edbi li\u00ean k\u1ebft m\u1ea1ng x\u00e3 h\u1ed9i.<\/li><li>Ng\u01b0\u1eddi s\u1eed d\u1ee5ng c\u1ea7n \u0111\u1ecdc v\u1ec1 Ch\u00ednh s\u00e1ch \u0111i\u1ec1u kho\u1ea3n, Gi\u1edbi h\u1ea1n tr\u00e1ch nhi\u1ec7m tr\u01b0\u1edbc khi s\u1eed d\u1ee5ng SimpleShop.vn.<\/li><li>C\u00e1c \u0111i\u1ec1u kho\u1ea3n n\u00e0y c\u00f3 th\u1ec3 thay \u0111\u1ed5i b\u1ea5t k\u1ef3 l\u00fac n\u00e0o m\u00e0 kh\u00f4ng c\u1ea7n th\u00f4ng b\u00e1o.<\/li><\/ul>\t\t\t\t\t\t<\/div>\n\t\t\t\t<\/div>\n\t\t\t\t\t<\/div>\n\t\t<\/div>\n\t\t\t\t\t<\/div>\n\t\t<\/section>\n\t\t\t\t<\/div>\n\t\t","protected":false},"excerpt":{"rendered":"<p>D\u01b0\u1edbi \u0111\u00e2y l\u00e0 to\u00e0n b\u1ed9 th\u00f4ng tin c\u00e1c \u0111i\u1ec1u kho\u1ea3n \u0111i\u1ec1u kho\u1ea3n s\u1eed d\u1ee5ng d\u1ecbch v\u1ee5 d\u00e0nh cho ng\u01b0\u1eddi s\u1eed d\u1ee5ng, g\u1ecdi l\u00e0 \u201cCh\u00ednh s\u00e1ch \u0111i\u1ec1u kho\u1ea3n\u201d . B\u1eb1ng vi\u1ec7c s\u1eed d\u1ee5ng n\u1ec1n t\u1ea3ng c\u1ee7a ch\u00fang t\u00f4i, b\u1ea1n \u0111\u01b0\u1ee3c hi\u1ec3u r\u1eb1ng s\u1ebd \u0111\u1ed3ng \u00fd to\u00e0n b\u1ed9 \u0111i\u1ec1u kho\u1ea3n \u0111\u00e3 \u0111\u01b0\u1ee3c \u0111\u1ec1 c\u1eadp. I. Ch\u00ednh s\u00e1ch, [&hellip;]<\/p>\n","protected":false},"author":1,"featured_media":0,"parent":0,"menu_order":0,"comment_status":"closed","ping_status":"closed","template":"","meta":{"rank_math_lock_modified_date":false,"_uag_custom_page_level_css":"","footnotes":""},"class_list":["post-2559","page","type-page","status-publish","hentry"],"uagb_featured_image_src":{"full":false,"thumbnail":false,"medium":false,"medium_large":false,"large":false,"1536x1536":false,"2048x2048":false,"jnews-360x180":false,"jnews-750x375":false,"jnews-1140x570":false,"jnews-120x86":false,"jnews-350x250":false,"jnews-750x536":false,"jnews-1140x815":false,"jnews-360x504":false,"jnews-75x75":false,"jnews-350x350":false,"jnews-featured-750":false,"jnews-featured-1140":false},"uagb_author_info":{"display_name":"admin","author_link":"https:\/\/simpleshop.vn\/blog\/author\/admin\/"},"uagb_comment_info":0,"uagb_excerpt":"D\u01b0\u1edbi \u0111\u00e2y l\u00e0 to\u00e0n b\u1ed9 th\u00f4ng tin c\u00e1c \u0111i\u1ec1u kho\u1ea3n \u0111i\u1ec1u kho\u1ea3n s\u1eed d\u1ee5ng d\u1ecbch v\u1ee5 d\u00e0nh cho ng\u01b0\u1eddi s\u1eed d\u1ee5ng, g\u1ecdi l\u00e0 \u201cCh\u00ednh s\u00e1ch \u0111i\u1ec1u kho\u1ea3n\u201d . B\u1eb1ng vi\u1ec7c s\u1eed d\u1ee5ng n\u1ec1n t\u1ea3ng c\u1ee7a ch\u00fang t\u00f4i, b\u1ea1n \u0111\u01b0\u1ee3c hi\u1ec3u r\u1eb1ng s\u1ebd \u0111\u1ed3ng \u00fd to\u00e0n b\u1ed9 \u0111i\u1ec1u kho\u1ea3n \u0111\u00e3 \u0111\u01b0\u1ee3c \u0111\u1ec1 c\u1eadp. I. Ch\u00ednh s\u00e1ch,&hellip;","_links":{"self":[{"href":"https:\/\/simpleshop.vn\/blog\/wp-json\/wp\/v2\/pages\/2559"}],"collection":[{"href":"https:\/\/simpleshop.vn\/blog\/wp-json\/wp\/v2\/pages"}],"about":[{"href":"https:\/\/simpleshop.vn\/blog\/wp-json\/wp\/v2\/types\/page"}],"author":[{"embeddable":true,"href":"https:\/\/simpleshop.vn\/blog\/wp-json\/wp\/v2\/users\/1"}],"replies":[{"embeddable":true,"href":"https:\/\/simpleshop.vn\/blog\/wp-json\/wp\/v2\/comments?post=2559"}],"version-history":[{"count":6,"href":"https:\/\/simpleshop.vn\/blog\/wp-json\/wp\/v2\/pages\/2559\/revisions"}],"predecessor-version":[{"id":7372,"href":"https:\/\/simpleshop.vn\/blog\/wp-json\/wp\/v2\/pages\/2559\/revisions\/7372"}],"wp:attachment":[{"href":"https:\/\/simpleshop.vn\/blog\/wp-json\/wp\/v2\/media?parent=2559"}],"curies":[{"name":"wp","href":"https:\/\/api.w.org\/{rel}","templated":true}]}}